{"id":2195,"date":"2025-05-16T13:59:55","date_gmt":"2025-05-16T11:59:55","guid":{"rendered":"https:\/\/main.sitrading.com\/?page_id=2195"},"modified":"2025-05-22T10:50:50","modified_gmt":"2025-05-22T08:50:50","slug":"bewerbung","status":"publish","type":"page","link":"https:\/\/si-group.com\/de\/karriere\/bewerbung\/","title":{"rendered":"Bewerbung"},"content":{"rendered":"<div class=\"frm_forms  with_frm_style frm_style_formidable-style\" id=\"frm_form_3_container\" data-token=\"b062e76bbdaa2a2d6f815681841c401a\">\n<form enctype=\"multipart\/form-data\" method=\"post\" class=\"frm-show-form  frm_js_validate  frm_pro_form \" id=\"form_bewerben\" data-token=\"b062e76bbdaa2a2d6f815681841c401a\">\n<div class=\"frm_form_fields \">\n<fieldset>\n<legend class=\"frm_screen_reader\">Bewerben Group DE<\/legend>\r\n\r\n<div class=\"frm_fields_container\">\n<input type=\"hidden\" name=\"frm_action\" value=\"create\" \/>\n<input type=\"hidden\" name=\"form_id\" value=\"3\" \/>\n<input type=\"hidden\" name=\"frm_hide_fields_3\" id=\"frm_hide_fields_3\" value=\"\" \/>\n<input type=\"hidden\" name=\"form_key\" value=\"bewerben\" \/>\n<input type=\"hidden\" name=\"item_meta[0]\" value=\"\" \/>\n<input type=\"hidden\" id=\"frm_submit_entry_3\" name=\"frm_submit_entry_3\" value=\"17be0708df\" \/><input type=\"hidden\" name=\"_wp_http_referer\" value=\"\/de\/wp-json\/wp\/v2\/pages\/2195\" \/>\t\t<input  type=\"hidden\" name=\"item_meta[21]\" id=\"field_opzey\" value=\"\"     \/>\n\t\t\t\t<input  type=\"hidden\" name=\"item_meta[22]\" id=\"field_ooxl2\" value=\"\"     \/>\n\t\t<div id=\"frm_field_24_container\" class=\"frm_form_field frm_section_heading form-field  frm12 frm_first\">\r\n<h3 class=\"frm_pos_top frm_section_spacing\">1. Pers\u00f6nliche Daten<\/h3>\r\n\r\n\r\n<div id=\"frm_field_31_container\" class=\"frm_form_field form-field  frm_required_field frm_top_container frm4 frm_first\">\r\n\t<label for=\"field_rb56v\" id=\"field_rb56v_label\" class=\"frm_primary_label\">Ansprache\r\n\t\t<span class=\"frm_required\" aria-hidden=\"true\">*<\/span>\r\n\t<\/label>\r\n\t\t\t<select name=\"item_meta[31]\" id=\"field_rb56v\"  data-reqmsg=\"Bitte ausf\u00fcllen.\" aria-required=\"true\" data-invmsg=\"Ansprache ist ung\u00fcltig\" aria-invalid=\"false\"  >\n\t\t<option  value=\"\" selected='selected'> <\/option><option  value=\"Herr\">Herr<\/option><option  value=\"Frau\">Frau<\/option><option  value=\"Divers\">Divers<\/option>\t<\/select>\n\t\r\n\t\r\n\t\r\n<\/div>\n<div id=\"frm_field_29_container\" class=\"frm_form_field form-field  frm_required_field frm_top_container frm4\">\r\n\t<label for=\"field_4xqb2\" id=\"field_4xqb2_label\" class=\"frm_primary_label\">Vorname\r\n\t\t<span class=\"frm_required\" aria-hidden=\"true\">*<\/span>\r\n\t<\/label>\r\n\t<input  type=\"text\" id=\"field_4xqb2\" name=\"item_meta[29]\" value=\"\"  data-sectionid=\"24\"  data-reqmsg=\"Bitte ausf\u00fcllen.\" aria-required=\"true\" data-invmsg=\"Vorname ist ung\u00fcltig\" aria-invalid=\"false\"   \/>\r\n\t\r\n\t\r\n<\/div>\n<div id=\"frm_field_30_container\" class=\"frm_form_field form-field  frm_required_field frm_top_container frm4\">\r\n\t<label for=\"field_ftu2v\" id=\"field_ftu2v_label\" class=\"frm_primary_label\">Nachname\r\n\t\t<span class=\"frm_required\" aria-hidden=\"true\">*<\/span>\r\n\t<\/label>\r\n\t<input  type=\"text\" id=\"field_ftu2v\" name=\"item_meta[30]\" value=\"\"  data-reqmsg=\"Bitte ausf\u00fcllen.\" aria-required=\"true\" data-invmsg=\"Nachname ist ung\u00fcltig\" aria-invalid=\"false\"   \/>\r\n\t\r\n\t\r\n<\/div>\n<div id=\"frm_field_32_container\" class=\"frm_form_field form-field  frm_required_field frm_top_container frm6 frm_first\">\r\n\t<label for=\"field_hmtru\" id=\"field_hmtru_label\" class=\"frm_primary_label\">E-Mail\r\n\t\t<span class=\"frm_required\" aria-hidden=\"true\">*<\/span>\r\n\t<\/label>\r\n\t<input type=\"email\" id=\"field_hmtru\" name=\"item_meta[32]\" value=\"\"  data-sectionid=\"24\"  autocomplete=\"email\"  data-reqmsg=\"Bitte ausf\u00fcllen.\" aria-required=\"true\" data-invmsg=\"E-Mailadressformat ist ung\u00fcltig.\" aria-invalid=\"false\"  \/>\r\n\t\r\n\t\r\n<\/div>\n<div id=\"frm_field_33_container\" class=\"frm_form_field form-field  frm_required_field frm_top_container frm6\">\r\n\t<label for=\"field_8z5nt\" id=\"field_8z5nt_label\" class=\"frm_primary_label\">Telefon-Nr.\r\n\t\t<span class=\"frm_required\" aria-hidden=\"true\">*<\/span>\r\n\t<\/label>\r\n\t<input  type=\"text\" id=\"field_8z5nt\" name=\"item_meta[33]\" value=\"\"  data-reqmsg=\"Bitte ausf\u00fcllen.\" aria-required=\"true\" data-invmsg=\"Telefon-Nr. ist ung\u00fcltig\" aria-invalid=\"false\"   \/>\r\n\t\r\n\t\r\n<\/div>\n<div id=\"frm_field_34_container\" class=\"frm_form_field form-field  frm_required_field frm_top_container\">\r\n\t<label for=\"field_pqg13\" id=\"field_pqg13_label\" class=\"frm_primary_label\">Erz\u00e4hl uns etwas von dir\r\n\t\t<span class=\"frm_required\" aria-hidden=\"true\">*<\/span>\r\n\t<\/label>\r\n\t<textarea name=\"item_meta[34]\" id=\"field_pqg13\" rows=\"5\"  data-sectionid=\"24\"  data-reqmsg=\"Bitte ausf\u00fcllen.\" aria-required=\"true\" data-invmsg=\"Erz\u00e4hl uns etwas von dir ist ung\u00fcltig.\" aria-invalid=\"false\"  ><\/textarea>\r\n\t\r\n\t\r\n<\/div>\n<div id=\"frm_field_35_container\" class=\"frm_form_field form-field  frm_required_field frm_top_container frm12 frm_first\">\r\n\t<label for=\"field_rjzna\" id=\"field_rjzna_label\" class=\"frm_primary_label\">Deine Gehaltsvorstellung\r\n\t\t<span class=\"frm_required\" aria-hidden=\"true\">*<\/span>\r\n\t<\/label>\r\n\t<input type=\"number\" id=\"field_rjzna\" name=\"item_meta[35]\" value=\"\" data-sectionid=\"24\"  data-reqmsg=\"Deine Gehaltsvorstellung cannot be blank.\" aria-required=\"true\" data-invmsg=\"Deine Gehaltsvorstellung ist ung\u00fcltig\" aria-invalid=\"false\"   min=\"0\" max=\"9999999\" step=\"any\" \/>\r\n\t\r\n\t\r\n<\/div>\n<\/div>\n<div id=\"frm_field_36_container\" class=\"frm_form_field frm_section_heading form-field  frm12  frm_total frm_first\">\r\n<h3 class=\"frm_pos_top frm_section_spacing\">2. Lebenslauf *<\/h3>\r\n\r\n\r\n<div id=\"frm_field_40_container\" class=\"frm_form_field form-field  frm_top_container frm12 frm_first\">\r\n\t<label for=\"field_pc82t\" id=\"field_pc82t_label\" class=\"frm_primary_label\">Lade deinen Lebenslauf hier hoch:\r\n\t\t<span class=\"frm_required\" aria-hidden=\"true\"><\/span>\r\n\t<\/label>\r\n\t<input type=\"hidden\"  data-sectionid=\"36\"  data-invmsg=\"Die Datei hat kein g\u00fcltiges Format\" class=\"auto_width\" aria-invalid=\"false\"   name=\"item_meta[40][]\"  value=\"\" data-frmfile=\"40\" \/>\n\n<div class=\"frm_dropzone frm_multi_upload frm_clearfix\" id=\"file40_dropzone\" role=\"group\" >\n\t<div class=\"fallback\">\n\t\t<input type=\"file\" name=\"file40[]\" id=\"field_pc82t\"\n\t\t\t data-frmfile=\"40\" multiple=\"multiple\"  data-sectionid=\"36\"  data-invmsg=\"Die Datei hat kein g\u00fcltiges Format\" class=\"auto_width\" aria-invalid=\"false\"  \t\t\t\/>\n\t\t\t\t<div class=\"frm_clearfix \"><\/div>\n\t<\/div>\n\t<div class=\"dz-message needsclick\">\n\t\t\t\t<svg  viewBox=\"0 0 18 18\" class=\"frmsvg frm-svg-icon\">\n\t<path viewBox=\"0 0 18 18\" fill-rule=\"evenodd\" clip-rule=\"evenodd\" d=\"M8.2 4v8a.8.8 0 001.5 0V4l2.1 2.2A.7.7 0 1013 5L9.5 1.7a.7.7 0 00-1.1 0L5.1 5.2a.8.8 0 001 1l2.1-2zm7.6 4.3c.4 0 .7.3.7.7v6.8c0 .4-.3.7-.8.7H2.3a.8.8 0 01-.8-.8V9A.8.8 0 013 9v6h12V9c0-.4.3-.8.8-.8z\"><\/path>\n<\/svg>\t\t<span class=\"frm_upload_text\"><button type=\"button\" aria-label=\"Lade deinen Lebenslauf hier hoch:. Bewerbungsunterlagen hochladen. Maximale Dateigr\u00f6\u00dfe: 8MB\">Bewerbungsunterlagen hochladen<\/button><\/span>\n\t\t<span class=\"frm_compact_text\"><button type=\"button\" aria-label=\"Lade deinen Lebenslauf hier hoch:. Datei w\u00e4hlen. Maximale Dateigr\u00f6\u00dfe: 8MB\">Datei w\u00e4hlen<\/button><\/span>\n\t\t<div class=\"frm_small_text\">\n\t\t\t<p>Maximale Dateigr\u00f6\u00dfe: 8MB<\/p>\n\t\t<\/div>\n\t<\/div>\n<\/div>\n\t\r\n\t\r\n\t\r\n<\/div>\n<\/div>\n<div id=\"frm_field_41_container\" class=\"frm_form_field form-field  frm_top_container\">\r\n\t<label for=\"field_r98ge\" id=\"field_r98ge_label\" class=\"frm_primary_label\">Website\/URL\r\n\t\t<span class=\"frm_required\" aria-hidden=\"true\"><\/span>\r\n\t<\/label>\r\n\t<input type=\"url\" id=\"field_r98ge\" name=\"item_meta[41]\" value=\"\"  data-sectionid=\"36\"  data-invmsg=\"Website\/URL ist ung\u00fcltig\" aria-invalid=\"false\"  \/>\r\n\t\r\n\t\r\n<\/div>\n<div id=\"frm_field_42_container\" class=\"frm_form_field frm_section_heading form-field \">\r\n<h3 class=\"frm_pos_top frm_section_spacing\">3. Weitere Informationen<\/h3>\r\n\r\n\r\n<div id=\"frm_field_44_container\" class=\"frm_form_field form-field  frm_top_container frm12 frm_first\">\r\n\t<label for=\"field_tvbwa\" id=\"field_tvbwa_label\" class=\"frm_primary_label\">Hier kannst du dein Anschreiben, Zeugnisse, Arbeitsproben, etc. hochladen:\r\n\t\t<span class=\"frm_required\" aria-hidden=\"true\"><\/span>\r\n\t<\/label>\r\n\t<input type=\"hidden\"  data-sectionid=\"42\"  data-invmsg=\"Die Datei hat kein g\u00fcltiges Format\" class=\"auto_width\" aria-invalid=\"false\"   name=\"item_meta[44][]\"  value=\"\" data-frmfile=\"44\" \/>\n\n<div class=\"frm_dropzone frm_multi_upload frm_clearfix\" id=\"file44_dropzone\" role=\"group\"  aria-describedby=\"frm_desc_field_tvbwa\">\n\t<div class=\"fallback\">\n\t\t<input type=\"file\" name=\"file44[]\" id=\"field_tvbwa\"\n\t\t\t data-frmfile=\"44\" multiple=\"multiple\"  data-sectionid=\"42\"  data-invmsg=\"Die Datei hat kein g\u00fcltiges Format\" class=\"auto_width\" aria-invalid=\"false\"  \t\t\t\/>\n\t\t\t\t<div class=\"frm_clearfix \"><\/div>\n\t<\/div>\n\t<div class=\"dz-message needsclick\">\n\t\t\t\t<svg  viewBox=\"0 0 18 18\" class=\"frmsvg frm-svg-icon\">\n\t<path viewBox=\"0 0 18 18\" fill-rule=\"evenodd\" clip-rule=\"evenodd\" d=\"M8.2 4v8a.8.8 0 001.5 0V4l2.1 2.2A.7.7 0 1013 5L9.5 1.7a.7.7 0 00-1.1 0L5.1 5.2a.8.8 0 001 1l2.1-2zm7.6 4.3c.4 0 .7.3.7.7v6.8c0 .4-.3.7-.8.7H2.3a.8.8 0 01-.8-.8V9A.8.8 0 013 9v6h12V9c0-.4.3-.8.8-.8z\"><\/path>\n<\/svg>\t\t<span class=\"frm_upload_text\"><button type=\"button\" aria-label=\"Hier kannst du dein Anschreiben, Zeugnisse, Arbeitsproben, etc. hochladen:. Bewerbungsunterlagen hochladen. Maximale Dateigr\u00f6\u00dfe: 5MB\">Bewerbungsunterlagen hochladen<\/button><\/span>\n\t\t<span class=\"frm_compact_text\"><button type=\"button\" aria-label=\"Hier kannst du dein Anschreiben, Zeugnisse, Arbeitsproben, etc. hochladen:. Datei w\u00e4hlen. Maximale Dateigr\u00f6\u00dfe: 5MB\">Datei w\u00e4hlen<\/button><\/span>\n\t\t<div class=\"frm_small_text\">\n\t\t\t<p>Maximale Dateigr\u00f6\u00dfe: 5MB<\/p>\n\t\t<\/div>\n\t<\/div>\n<\/div>\n\t\r\n\t<div class=\"frm_description\" id=\"frm_desc_field_tvbwa\">Nur PDF-Dateien.<\/div>\r\n\t\r\n<\/div>\n<div id=\"frm_field_45_container\" class=\"frm_form_field form-field  frm_top_container frm12 frm_first\">\r\n\t<label for=\"field_xm6x4\" id=\"field_xm6x4_label\" class=\"frm_primary_label\">Und hier ist Platz f\u00fcr eine URL zu Arbeitsproben und Co.:\r\n\t\t<span class=\"frm_required\" aria-hidden=\"true\"><\/span>\r\n\t<\/label>\r\n\t<input type=\"url\" id=\"field_xm6x4\" name=\"item_meta[45]\" value=\"\"  data-sectionid=\"42\"  data-invmsg=\"URL hat kein g\u00fcltiges Format\" aria-invalid=\"false\"  \/>\r\n\t\r\n\t\r\n<\/div>\n<\/div>\n<div id=\"frm_field_46_container\" class=\"frm_form_field frm_section_heading form-field  frm12 frm_first\">\r\n<h3 class=\"frm_pos_top frm_section_spacing\">4. Wie hast du von uns geh\u00f6rt? *<\/h3>\r\n\r\n\r\n<div id=\"frm_field_48_container\" class=\"frm_form_field form-field  frm_required_field frm_top_container frm12 frm_first vertical_radio frm_other_container\">\r\n\t<div  id=\"field_lf2r4_label\" class=\"frm_primary_label\">Wie hast du von uns geh\u00f6rt?\r\n\t\t<span class=\"frm_required\" aria-hidden=\"true\">*<\/span>\r\n\t<\/div>\r\n\t<div class=\"frm_opt_container\" aria-labelledby=\"field_lf2r4_label\" role=\"group\">\t\t<div class=\"frm_checkbox\" id=\"frm_checkbox_48-46-8\">\t\t\t<label  for=\"field_lf2r4-8\">\n\t\t\t<input type=\"checkbox\" name=\"item_meta[48][]\" id=\"field_lf2r4-8\" value=\"LinkedIn\"  data-sectionid=\"46\"  data-reqmsg=\"Bitte teile uns mit, wie du von uns geh\u00f6rt hast.\" data-invmsg=\"Wie hast du von uns geh\u00f6rt? ist ung\u00fcltig\"   aria-required=\"true\"  \/> LinkedIn<\/label><\/div>\n\t\t<div class=\"frm_checkbox\" id=\"frm_checkbox_48-46-9\">\t\t\t<label  for=\"field_lf2r4-9\">\n\t\t\t<input type=\"checkbox\" name=\"item_meta[48][]\" id=\"field_lf2r4-9\" value=\"Karrieremesse\"  data-sectionid=\"46\"  data-reqmsg=\"Bitte teile uns mit, wie du von uns geh\u00f6rt hast.\" data-invmsg=\"Wie hast du von uns geh\u00f6rt? ist ung\u00fcltig\"   \/> Karrieremesse<\/label><\/div>\n\t\t<div class=\"frm_checkbox\" id=\"frm_checkbox_48-46-10\">\t\t\t<label  for=\"field_lf2r4-10\">\n\t\t\t<input type=\"checkbox\" name=\"item_meta[48][]\" id=\"field_lf2r4-10\" value=\"Jobportal\"  data-sectionid=\"46\"  data-reqmsg=\"Bitte teile uns mit, wie du von uns geh\u00f6rt hast.\" data-invmsg=\"Wie hast du von uns geh\u00f6rt? ist ung\u00fcltig\"   \/> Jobportal<\/label><\/div>\n\t\t<div class=\"frm_checkbox\" id=\"frm_checkbox_48-46-11\">\t\t\t<label  for=\"field_lf2r4-11\">\n\t\t\t<input type=\"checkbox\" name=\"item_meta[48][]\" id=\"field_lf2r4-11\" value=\"Pers\u00f6nliche Empfehlung\"  data-sectionid=\"46\"  data-reqmsg=\"Bitte teile uns mit, wie du von uns geh\u00f6rt hast.\" data-invmsg=\"Wie hast du von uns geh\u00f6rt? ist ung\u00fcltig\"   \/> Pers\u00f6nliche Empfehlung<\/label><\/div>\n\t\t<div class=\"frm_checkbox\" id=\"frm_checkbox_48-46-other_12\">\t\t\t<label  for=\"field_lf2r4-other_12\">\n\t\t\t<input type=\"checkbox\" name=\"item_meta[48][other_12]\" id=\"field_lf2r4-other_12\" value=\"Andere\"  data-sectionid=\"46\"  data-reqmsg=\"Bitte teile uns mit, wie du von uns geh\u00f6rt hast.\" data-invmsg=\"Wie hast du von uns geh\u00f6rt? ist ung\u00fcltig\"   \/> Andere<\/label><label for=\"field_lf2r4-other_12-otext\" class=\"frm_screen_reader frm_hidden\">Andere<\/label><input type=\"text\" id=\"field_lf2r4-other_12-otext\" class=\"frm_other_input frm_pos_none\"  name=\"item_meta[other][48][other_12]\" value=\"\" \/><\/div>\n<\/div>\r\n\t\r\n\t\r\n<\/div>\n<div id=\"frm_field_49_container\" class=\"frm_form_field form-field  frm_top_container frm12 frm_first\">\r\n\t<label for=\"field_6nmiu\" id=\"field_6nmiu_label\" class=\"frm_primary_label\">\u00dcber welche Karrieremesse?\r\n\t\t<span class=\"frm_required\" aria-hidden=\"true\"><\/span>\r\n\t<\/label>\r\n\t<input  type=\"text\" id=\"field_6nmiu\" name=\"item_meta[49]\" value=\"\"  data-sectionid=\"46\"  data-invmsg=\"\u00dcber welche Karrieremesse? ist ung\u00fcltig\" aria-invalid=\"false\"   \/>\r\n\t\r\n\t\r\n<\/div>\n<div id=\"frm_field_50_container\" class=\"frm_form_field form-field  frm_top_container frm12 frm_first\">\r\n\t<label for=\"field_i7wmf\" id=\"field_i7wmf_label\" class=\"frm_primary_label\">\u00dcber welches Jobportal?\r\n\t\t<span class=\"frm_required\" aria-hidden=\"true\"><\/span>\r\n\t<\/label>\r\n\t<input  type=\"text\" id=\"field_i7wmf\" name=\"item_meta[50]\" value=\"\"  data-sectionid=\"46\"  data-invmsg=\"\u00dcber welches Jobportal? ist ung\u00fcltig\" aria-invalid=\"false\"   \/>\r\n\t\r\n\t\r\n<\/div>\n<div id=\"frm_field_51_container\" class=\"frm_form_field form-field  frm_top_container frm12 frm_first\">\r\n\t<label for=\"field_gggsv\" id=\"field_gggsv_label\" class=\"frm_primary_label\">Empfehlung durch wen?\r\n\t\t<span class=\"frm_required\" aria-hidden=\"true\"><\/span>\r\n\t<\/label>\r\n\t<input  type=\"text\" id=\"field_gggsv\" name=\"item_meta[51]\" value=\"\"  data-sectionid=\"46\"  data-invmsg=\"Empfehlung durch wen? ist ung\u00fcltig\" aria-invalid=\"false\"   \/>\r\n\t\r\n\t\r\n<\/div>\n<\/div>\n<div id=\"frm_field_52_container\" class=\"frm_form_field frm_section_heading form-field \">\r\n<h3 class=\"frm_pos_top frm_section_spacing\">Datenschutz<\/h3>\r\n\r\n\r\n<div id=\"frm_field_54_container\" class=\"frm_form_field  frm_html_container form-field\">\n<p>SI Holding GmbH verpflichtet sich, deine Privatsph\u00e4re zu sch\u00fctzen und zu respektieren. Indem du auf \u201eAbsenden\u201c klickst, stimmst du zu, dass SI Holding GmbH die oben angegebenen pers\u00f6nlichen Daten speichert und im Verlauf des Bewerbungsprozesses verarbeitet. Weitere Details findest du in unserer Datenschutzerkl\u00e4rung am Ende dieser Seite.<\/p>\n<\/div>\n<div id=\"frm_field_55_container\" class=\"frm_form_field form-field  frm_required_field frm_top_container frm12 frm_first vertical_radio\">\r\n\t<div  id=\"field_xrcmb_label\" class=\"frm_primary_label\">Datenschutz\r\n\t\t<span class=\"frm_required\" aria-hidden=\"true\">*<\/span>\r\n\t<\/div>\r\n\t<div class=\"frm_opt_container\" aria-labelledby=\"field_xrcmb_label\" role=\"group\">\t\t<div class=\"frm_checkbox\" id=\"frm_checkbox_55-52-0\">\t\t\t<label  for=\"field_xrcmb-0\">\n\t\t\t<input type=\"checkbox\" name=\"item_meta[55][]\" id=\"field_xrcmb-0\" value=\"Ich akzeptiere die Datenschutzrichtlinien der SI Holding GmbH\"  data-sectionid=\"52\"  data-reqmsg=\"F\u00fcr eine Bewerbung ist es erforderlich, dass Sie die Datenschutzerkl\u00e4rung akzeptieren.\" data-invmsg=\"Datenschutz ist ung\u00fcltig\"   aria-required=\"true\"  \/> Ich akzeptiere die Datenschutzrichtlinien der SI Holding GmbH<\/label><\/div>\n<\/div>\r\n\t\r\n\t\r\n<\/div>\n<\/div>\n<div id=\"frm_field_19_container\" class=\"frm_form_field form-field  frm12 frm_first\">\r\n\t<div class=\"frm_submit\">\r\n\r\n<button class=\"frm_button_submit frm_final_submit\" type=\"submit\"  formnovalidate=\"formnovalidate\">Senden<\/button>\r\n\r\n<\/div>\r\n<\/div>\n\t<input type=\"hidden\" name=\"item_key\" value=\"\" \/>\n\t\t\t<div id=\"frm_field_94_container\">\n\t\t\t<label for=\"field_ihvc\" >\n\t\t\t\tFalls Du menschlich bist, lasse dieses Feld leer.\t\t\t<\/label>\n\t\t\t<input  id=\"field_ihvc\" type=\"text\" class=\"frm_form_field form-field frm_verify\" name=\"item_meta[94]\" value=\"\"  \/>\n\t\t<\/div>\n\t\t<input name=\"frm_state\" type=\"hidden\" value=\"vFgS61hKmROu0t6ovQhDMdhVGvWWCofWB52FV3dYNHR7xLu8OvFH4Lv4fBqw6Ugz\/JbYagfEsBm\/\/RVlKAdXkERR1\/BCIVDqhV13kTLDgmY=\" \/><\/div>\n<\/fieldset>\n<\/div>\n\n<\/form>\n<\/div>\n","protected":false},"excerpt":{"rendered":"","protected":false},"author":1,"featured_media":0,"parent":1382,"menu_order":0,"comment_status":"closed","ping_status":"closed","template":"template-application.php","meta":{"footnotes":""},"class_list":["post-2195","page","type-page","status-publish","hentry"],"aioseo_notices":[],"acf":[],"_links":{"self":[{"href":"https:\/\/si-group.com\/de\/wp-json\/wp\/v2\/pages\/2195","targetHints":{"allow":["GET"]}}],"collection":[{"href":"https:\/\/si-group.com\/de\/wp-json\/wp\/v2\/pages"}],"about":[{"href":"https:\/\/si-group.com\/de\/wp-json\/wp\/v2\/types\/page"}],"author":[{"embeddable":true,"href":"https:\/\/si-group.com\/de\/wp-json\/wp\/v2\/users\/1"}],"replies":[{"embeddable":true,"href":"https:\/\/si-group.com\/de\/wp-json\/wp\/v2\/comments?post=2195"}],"version-history":[{"count":0,"href":"https:\/\/si-group.com\/de\/wp-json\/wp\/v2\/pages\/2195\/revisions"}],"up":[{"embeddable":true,"href":"https:\/\/si-group.com\/de\/wp-json\/wp\/v2\/pages\/1382"}],"wp:attachment":[{"href":"https:\/\/si-group.com\/de\/wp-json\/wp\/v2\/media?parent=2195"}],"curies":[{"name":"wp","href":"https:\/\/api.w.org\/{rel}","templated":true}]}}