{"id":1561,"date":"2025-04-10T09:56:30","date_gmt":"2025-04-10T07:56:30","guid":{"rendered":"https:\/\/main.sitrading.com\/?page_id=1561"},"modified":"2025-07-02T16:22:28","modified_gmt":"2025-07-02T14:22:28","slug":"geschaeftsbereiche","status":"publish","type":"page","link":"https:\/\/si-group.com\/de\/geschaeftsbereiche\/","title":{"rendered":"Gesch\u00e4ftsbereiche"},"content":{"rendered":"<div id=\"keyvisualblock_526cb5cb94c4a55f4a5bd6fb6cd82a03\" class=\"has-background block__keyvisual--type-overlapping-banner block__keyvisual alignfull -detect-in-viewport\" data-controller=\"keyvisual\" >\n            <div class=\"keyvisual__background\">\n                            <img loading=\"lazy\" decoding=\"async\" width=\"1620\" height=\"1080\" src=\"https:\/\/si-group.com\/wp-content\/uploads\/2025\/05\/SI-Logistics-Keyvisual-1-2.webp\" class=\"attachment-fullscreen_16_9 size-fullscreen_16_9\" alt=\"\" srcset=\"https:\/\/si-group.com\/wp-content\/uploads\/2025\/05\/SI-Logistics-Keyvisual-1-2.webp 1620w, https:\/\/si-group.com\/wp-content\/uploads\/2025\/05\/SI-Logistics-Keyvisual-1-2-300x200.webp 300w, https:\/\/si-group.com\/wp-content\/uploads\/2025\/05\/SI-Logistics-Keyvisual-1-2-768x512.webp 768w, https:\/\/si-group.com\/wp-content\/uploads\/2025\/05\/SI-Logistics-Keyvisual-1-2-1024x683.webp 1024w, https:\/\/si-group.com\/wp-content\/uploads\/2025\/05\/SI-Logistics-Keyvisual-1-2-1536x1024.webp 1536w, https:\/\/si-group.com\/wp-content\/uploads\/2025\/05\/SI-Logistics-Keyvisual-1-2-400x267.webp 400w\" sizes=\"auto, (max-width: 1620px) 100vw, 1620px\" \/>                    <\/div>\n            \n\n    <div class=\"keyvisual__wrapper\">\n        <div class=\"container inner-blocks\">\n                        \n\n<div class=\"wp-block-group is-vertical is-content-justification-center is-nowrap is-layout-flex wp-container-core-group-is-layout-6e392426 wp-block-group-is-layout-flex\">\n<h1 class=\"wp-block-heading has-white-color has-text-color has-link-color wp-elements-c1b66fa57ed80d053e7768f0495cb1a0\">UNSERE KOMPETENZEN IM \u00dcBERBLICK<\/h1>\n\n\n\n<p class=\"has-text-align-center has-large-font-size\"><\/p>\n<\/div>\n\n        <\/div>\n\n    <\/div>\n\n    \n\n<\/div>\n\n\n<div class=\"wp-block-group alignwide has-white-background-color has-background is-layout-flow wp-block-group-is-layout-flow\"><div class=\"wp-bootstrap-blocks-row row align-items-center\">\n\t\n\n<div class=\"col-12 col-md-6 vertical-center\">\n\t\t\t\n\n<div id=\"animationblock_fd9a0608ac1f71a3b1e91e2d89d5ceae\" class=\"block__animation -detect-in-viewport\">\n\n\n  <div class=\"animation__inner-blocks inner-blocks  animate__animated animate__slideInUp animate__delay-default\">\n\n\n    \n\n<figure class=\"wp-block-image size-large is-resized\"><img loading=\"lazy\" decoding=\"async\" width=\"1024\" height=\"535\" src=\"https:\/\/main.sitrading.com\/wp-content\/uploads\/2025\/05\/si-electronics-header-1024x535.webp\" alt=\"\" class=\"wp-image-2008\" style=\"width:497px;height:493px\" srcset=\"https:\/\/si-group.com\/wp-content\/uploads\/2025\/05\/si-electronics-header-1024x535.webp 1024w, https:\/\/si-group.com\/wp-content\/uploads\/2025\/05\/si-electronics-header-300x157.webp 300w, https:\/\/si-group.com\/wp-content\/uploads\/2025\/05\/si-electronics-header-768x401.webp 768w, https:\/\/si-group.com\/wp-content\/uploads\/2025\/05\/si-electronics-header-1536x802.webp 1536w, https:\/\/si-group.com\/wp-content\/uploads\/2025\/05\/si-electronics-header-2048x1070.webp 2048w, https:\/\/si-group.com\/wp-content\/uploads\/2025\/05\/si-electronics-header-1920x1003.webp 1920w, https:\/\/si-group.com\/wp-content\/uploads\/2025\/05\/si-electronics-header-400x209.webp 400w\" sizes=\"auto, (max-width: 1024px) 100vw, 1024px\" \/><\/figure>\n\n  <\/div>\n\n<\/div>\n\t<\/div>\n\n\n\n<div class=\"col-12 col-md-6 vertical-center\">\n\t\t\t\n\n<div id=\"animationblock_1eec9339a02aa0095e2b447350bb2607\" class=\"block__animation -detect-in-viewport\">\n\n\n  <div class=\"animation__inner-blocks inner-blocks  animate__animated animate__fadeInRight animate__delay-default\">\n\n\n    \n\n<h2 class=\"wp-block-heading\">SI Electronics<\/h2>\n\n\n\n<p>Wir schlie\u00dfen L\u00fccken in Ihrer Supply Chain: Mit unserem Fokus auf die Beschaffung kritischer Elektronikkomponenten, etwa schwer verf\u00fcgbaren Halbleitern oder spezifischen Steuerungselementen, und einem zuverl\u00e4ssigen Bottleneck-Management sichern wir kontinuierliche Produktionsprozesse und h\u00f6chste Qualit\u00e4t.<\/p>\n\n\n\n<div id=\"buttonblock_870b2d147f7e09aa376caad480cf5fd8\" class=\"btn--align-left block__button -detect-in-viewport\">\n\n  <div class=\"button__link animate__animated animate__fadeIn animate__delay-default\">\n          <a href=\"https:\/\/si-electronics.com\/de\/\" target=\"_blank\" class=\"btn btn--primary   \">\n        Mehr erfahren        <svg viewBox=\"0 0 24 24\">\n          <use xlink:href=\"#button-arrow\"><\/use>\n        <\/svg>\n      <\/a>\n      <\/div>\n\n\n\n<\/div>\n  <\/div>\n\n<\/div>\n\t<\/div>\n\n<\/div>\n<\/div>\n\n\n\n<div class=\"wp-block-group alignwide has-light-grey-background-color has-background is-layout-flow wp-block-group-is-layout-flow\"><div class=\"wp-bootstrap-blocks-row row align-items-center\">\n\t\n\n<div class=\"col-12 col-md-6 vertical-center\">\n\t\t\t\n\n<div id=\"animationblock_ac418ad03edd4f54198829db73667b36\" class=\"block__animation -detect-in-viewport\">\n\n\n  <div class=\"animation__inner-blocks inner-blocks  animate__animated animate__fadeInLeft animate__delay-default\">\n\n\n    \n\n<h2 class=\"wp-block-heading\">SI Industry<\/h2>\n\n\n\n<p>Wir bieten ma\u00dfgeschneiderte L\u00f6sungen f\u00fcr Instandhaltung und Betriebsoptimierung, damit Ihre Analagen mit maximaler Effizienz und minimalen Ausfallzeiten laufen. \u201eCompleting the industrial puzzle\u201c \u2013 SI Industry sorgt daf\u00fcr, dass alle Teile perfekt zusammenpassen.<\/p>\n\n\n\n<div id=\"buttonblock_ea8b66ec510f4ba2748596b2cb00ff12\" class=\"btn--align-left block__button -detect-in-viewport\">\n\n  <div class=\"button__link animate__animated animate__fadeIn animate__delay-default\">\n          <a href=\"https:\/\/si-industry.com\/de\/\" target=\"_blank\" class=\"btn btn--primary   \">\n        Mehr erfahren        <svg viewBox=\"0 0 24 24\">\n          <use xlink:href=\"#button-arrow\"><\/use>\n        <\/svg>\n      <\/a>\n      <\/div>\n\n\n\n<\/div>\n  <\/div>\n\n<\/div>\n\t<\/div>\n\n\n\n<div class=\"col-12 col-md-6 vertical-center\">\n\t\t\t\n\n<div id=\"animationblock_fd9a0608ac1f71a3b1e91e2d89d5ceae\" class=\"block__animation -detect-in-viewport\">\n\n\n  <div class=\"animation__inner-blocks inner-blocks  animate__animated animate__slideInUp animate__delay-default\">\n\n\n    \n\n<figure class=\"wp-block-image size-large is-resized\"><img loading=\"lazy\" decoding=\"async\" width=\"1024\" height=\"455\" src=\"https:\/\/main.sitrading.com\/wp-content\/uploads\/2025\/05\/si-industry-header-1024x455.webp\" alt=\"\" class=\"wp-image-2006\" style=\"width:497px;height:493px\" srcset=\"https:\/\/si-group.com\/wp-content\/uploads\/2025\/05\/si-industry-header-1024x455.webp 1024w, https:\/\/si-group.com\/wp-content\/uploads\/2025\/05\/si-industry-header-300x133.webp 300w, https:\/\/si-group.com\/wp-content\/uploads\/2025\/05\/si-industry-header-768x341.webp 768w, https:\/\/si-group.com\/wp-content\/uploads\/2025\/05\/si-industry-header-1536x682.webp 1536w, https:\/\/si-group.com\/wp-content\/uploads\/2025\/05\/si-industry-header-2048x909.webp 2048w, https:\/\/si-group.com\/wp-content\/uploads\/2025\/05\/si-industry-header-1920x852.webp 1920w, https:\/\/si-group.com\/wp-content\/uploads\/2025\/05\/si-industry-header-400x178.webp 400w\" sizes=\"auto, (max-width: 1024px) 100vw, 1024px\" \/><\/figure>\n\n  <\/div>\n\n<\/div>\n\t<\/div>\n\n<\/div>\n<\/div>\n\n\n\n<div class=\"wp-block-group alignwide has-white-background-color has-background is-layout-flow wp-block-group-is-layout-flow\"><div class=\"wp-bootstrap-blocks-row row align-items-center\">\n\t\n\n<div class=\"col-12 col-md-6 vertical-center\">\n\t\t\t\n\n<div id=\"animationblock_58f46b5c38a999c4b4b0f0d9457d2e6e\" class=\"block__animation -detect-in-viewport\">\n\n\n  <div class=\"animation__inner-blocks inner-blocks  animate__animated animate__slideInUp animate__delay-default\">\n\n\n    \n\n<figure class=\"wp-block-image size-large is-resized\"><img loading=\"lazy\" decoding=\"async\" width=\"1024\" height=\"535\" src=\"https:\/\/main.sitrading.com\/wp-content\/uploads\/2025\/05\/si-energy-header-1024x535.webp\" alt=\"\" class=\"wp-image-2002\" style=\"width:497px;height:493px\" srcset=\"https:\/\/si-group.com\/wp-content\/uploads\/2025\/05\/si-energy-header-1024x535.webp 1024w, https:\/\/si-group.com\/wp-content\/uploads\/2025\/05\/si-energy-header-300x157.webp 300w, https:\/\/si-group.com\/wp-content\/uploads\/2025\/05\/si-energy-header-768x401.webp 768w, https:\/\/si-group.com\/wp-content\/uploads\/2025\/05\/si-energy-header-1536x802.webp 1536w, https:\/\/si-group.com\/wp-content\/uploads\/2025\/05\/si-energy-header-2048x1070.webp 2048w, https:\/\/si-group.com\/wp-content\/uploads\/2025\/05\/si-energy-header-1920x1003.webp 1920w, https:\/\/si-group.com\/wp-content\/uploads\/2025\/05\/si-energy-header-400x209.webp 400w\" sizes=\"auto, (max-width: 1024px) 100vw, 1024px\" \/><\/figure>\n\n  <\/div>\n\n<\/div>\n\t<\/div>\n\n\n\n<div class=\"col-12 col-md-6 vertical-center\">\n\t\t\t\n\n<div id=\"animationblock_1eec9339a02aa0095e2b447350bb2607\" class=\"block__animation -detect-in-viewport\">\n\n\n  <div class=\"animation__inner-blocks inner-blocks  animate__animated animate__fadeInRight animate__delay-default\">\n\n\n    \n\n<h2 class=\"wp-block-heading\">SI Energy<\/h2>\n\n\n\n<p>Wir gestalten die Energiewende: Mit ma\u00dfgeschneiderten L\u00f6sungen f\u00fcr Ladeinfrastruktur und Photovoltaikanlagen begleiten wir Unternehmen, Kommunen und Grundst\u00fcckseigent\u00fcmer von der Planung bis zur Inbetriebnahme. SI Energy sorgt f\u00fcr eine zuverl\u00e4ssige und nachhaltige Basis f\u00fcr Elektromobilit\u00e4t.<\/p>\n\n\n\n<div id=\"buttonblock_59a332914c45f4184750030aac709ebf\" class=\"btn--align-left block__button -detect-in-viewport\">\n\n  <div class=\"button__link animate__animated animate__fadeIn animate__delay-default\">\n          <a href=\"https:\/\/si-energy.de\/\" target=\"_blank\" class=\"btn btn--primary   \">\n        Mehr erfahren        <svg viewBox=\"0 0 24 24\">\n          <use xlink:href=\"#button-arrow\"><\/use>\n        <\/svg>\n      <\/a>\n      <\/div>\n\n\n\n<\/div>\n  <\/div>\n\n<\/div>\n\t<\/div>\n\n<\/div>\n<\/div>\n\n\n\n<div class=\"wp-block-group alignwide has-light-grey-background-color has-background is-layout-flow wp-block-group-is-layout-flow\"><div class=\"wp-bootstrap-blocks-row row align-items-center\">\n\t\n\n<div class=\"col-12 col-md-6 vertical-center\">\n\t\t\t\n\n<div id=\"animationblock_ac418ad03edd4f54198829db73667b36\" class=\"block__animation -detect-in-viewport\">\n\n\n  <div class=\"animation__inner-blocks inner-blocks  animate__animated animate__fadeInLeft animate__delay-default\">\n\n\n    \n\n<h2 class=\"wp-block-heading\">SI Logistics<\/h2>\n\n\n\n<p>Wir optimieren Ihre Supply Chain: Mit Fulfillment-, Lager- und Transportl\u00f6sungen sorgen wir f\u00fcr robuste und zuverl\u00e4ssige Lieferketten. SI Logistics st\u00e4rkt Ihre Resilienz und sorgt daf\u00fcr, dass Sie auch bei globalen Herausforderungen flexibel und effizient bleiben.<\/p>\n\n\n\n<div id=\"buttonblock_33b8a2e8ee87e1a481742b68e8748770\" class=\"btn--align-left block__button -detect-in-viewport\">\n\n  <div class=\"button__link animate__animated animate__fadeIn animate__delay-default\">\n          <a href=\"https:\/\/si-logistics.com\/de\/\" target=\"_blank\" class=\"btn btn--primary   \">\n        Mehr erfahren        <svg viewBox=\"0 0 24 24\">\n          <use xlink:href=\"#button-arrow\"><\/use>\n        <\/svg>\n      <\/a>\n      <\/div>\n\n\n\n<\/div>\n  <\/div>\n\n<\/div>\n\t<\/div>\n\n\n\n<div class=\"col-12 col-md-6 vertical-center\">\n\t\t\t\n\n<div id=\"animationblock_fd9a0608ac1f71a3b1e91e2d89d5ceae\" class=\"block__animation -detect-in-viewport\">\n\n\n  <div class=\"animation__inner-blocks inner-blocks  animate__animated animate__slideInUp animate__delay-default\">\n\n\n    \n\n<figure class=\"wp-block-image size-large is-resized\"><img loading=\"lazy\" decoding=\"async\" width=\"1024\" height=\"535\" src=\"https:\/\/main.sitrading.com\/wp-content\/uploads\/2025\/05\/si-logistics-header-1024x535.webp\" alt=\"\" class=\"wp-image-2004\" style=\"width:497px;height:493px\" srcset=\"https:\/\/si-group.com\/wp-content\/uploads\/2025\/05\/si-logistics-header-1024x535.webp 1024w, https:\/\/si-group.com\/wp-content\/uploads\/2025\/05\/si-logistics-header-300x157.webp 300w, https:\/\/si-group.com\/wp-content\/uploads\/2025\/05\/si-logistics-header-768x401.webp 768w, https:\/\/si-group.com\/wp-content\/uploads\/2025\/05\/si-logistics-header-1536x802.webp 1536w, https:\/\/si-group.com\/wp-content\/uploads\/2025\/05\/si-logistics-header-2048x1070.webp 2048w, https:\/\/si-group.com\/wp-content\/uploads\/2025\/05\/si-logistics-header-1920x1003.webp 1920w, https:\/\/si-group.com\/wp-content\/uploads\/2025\/05\/si-logistics-header-400x209.webp 400w\" sizes=\"auto, (max-width: 1024px) 100vw, 1024px\" \/><\/figure>\n\n  <\/div>\n\n<\/div>\n\t<\/div>\n\n<\/div>\n<\/div>\n\n\n\n<p><\/p>\n","protected":false},"excerpt":{"rendered":"","protected":false},"author":1,"featured_media":0,"parent":0,"menu_order":0,"comment_status":"closed","ping_status":"closed","template":"","meta":{"footnotes":""},"class_list":["post-1561","page","type-page","status-publish","hentry"],"aioseo_notices":[],"acf":[],"_links":{"self":[{"href":"https:\/\/si-group.com\/de\/wp-json\/wp\/v2\/pages\/1561","targetHints":{"allow":["GET"]}}],"collection":[{"href":"https:\/\/si-group.com\/de\/wp-json\/wp\/v2\/pages"}],"about":[{"href":"https:\/\/si-group.com\/de\/wp-json\/wp\/v2\/types\/page"}],"author":[{"embeddable":true,"href":"https:\/\/si-group.com\/de\/wp-json\/wp\/v2\/users\/1"}],"replies":[{"embeddable":true,"href":"https:\/\/si-group.com\/de\/wp-json\/wp\/v2\/comments?post=1561"}],"version-history":[{"count":9,"href":"https:\/\/si-group.com\/de\/wp-json\/wp\/v2\/pages\/1561\/revisions"}],"predecessor-version":[{"id":2263,"href":"https:\/\/si-group.com\/de\/wp-json\/wp\/v2\/pages\/1561\/revisions\/2263"}],"wp:attachment":[{"href":"https:\/\/si-group.com\/de\/wp-json\/wp\/v2\/media?parent=1561"}],"curies":[{"name":"wp","href":"https:\/\/api.w.org\/{rel}","templated":true}]}}