{"id":1443,"date":"2025-04-08T10:29:25","date_gmt":"2025-04-08T08:29:25","guid":{"rendered":"https:\/\/main.sitrading.com\/?page_id=1443"},"modified":"2025-05-20T10:22:23","modified_gmt":"2025-05-20T08:22:23","slug":"ueber-uns","status":"publish","type":"page","link":"https:\/\/si-group.com\/de\/ueber-uns\/","title":{"rendered":"\u00dcber uns"},"content":{"rendered":"<div id=\"keyvisualblock_7a39b67d9f26f5e4437db0b91f5de21d\" class=\"has-background block__keyvisual--type-overlapping-banner block__keyvisual alignfull -detect-in-viewport\" data-controller=\"keyvisual\" >\n            <div class=\"keyvisual__background\">\n                            <img loading=\"lazy\" decoding=\"async\" width=\"1620\" height=\"1080\" src=\"https:\/\/si-group.com\/wp-content\/uploads\/2025\/04\/SI-Group-Aussicht-Mannheim-Hafen-1620x1080.webp\" class=\"attachment-fullscreen_16_9 size-fullscreen_16_9\" alt=\"\" srcset=\"https:\/\/si-group.com\/wp-content\/uploads\/2025\/04\/SI-Group-Aussicht-Mannheim-Hafen-1620x1080.webp 1620w, https:\/\/si-group.com\/wp-content\/uploads\/2025\/04\/SI-Group-Aussicht-Mannheim-Hafen-2048x1365.webp 2048w, https:\/\/si-group.com\/wp-content\/uploads\/2025\/04\/SI-Group-Aussicht-Mannheim-Hafen-300x200.webp 300w, https:\/\/si-group.com\/wp-content\/uploads\/2025\/04\/SI-Group-Aussicht-Mannheim-Hafen-768x512.webp 768w, https:\/\/si-group.com\/wp-content\/uploads\/2025\/04\/SI-Group-Aussicht-Mannheim-Hafen-1024x683.webp 1024w, https:\/\/si-group.com\/wp-content\/uploads\/2025\/04\/SI-Group-Aussicht-Mannheim-Hafen-1536x1024.webp 1536w, https:\/\/si-group.com\/wp-content\/uploads\/2025\/04\/SI-Group-Aussicht-Mannheim-Hafen-400x267.webp 400w\" sizes=\"auto, (max-width: 1620px) 100vw, 1620px\" \/>                    <\/div>\n            \n\n    <div class=\"keyvisual__wrapper\">\n        <div class=\"container inner-blocks\">\n                        \n\n<div class=\"wp-block-group is-vertical is-content-justification-center is-nowrap is-layout-flex wp-container-core-group-is-layout-6e392426 wp-block-group-is-layout-flex\">\n<h1 class=\"wp-block-heading has-white-color has-text-color has-link-color wp-elements-5f6a5a13a570ae391679ad4ac9458df5\">ZUVERL\u00c4SSIG <br>WIE EIN HAFEN<\/h1>\n\n\n\n<p class=\"has-text-align-center has-white-color has-text-color has-link-color has-large-font-size wp-elements-9642b5a85b07f0576d76d753e8ee0c16\"><\/p>\n<\/div>\n\n        <\/div>\n\n    <\/div>\n\n    \n\n<\/div>\n\n\n<div id=\"spacerblock_cea987818060fbf6041fb8e131f105af\" class=\"block__spacer -detect-in-viewport block__spacer--large\"><\/div>\n\n<div class=\"wp-bootstrap-blocks-row row\">\n\t\n\n<div class=\"col-12 col-md-6\">\n\t\t\t\n\n<div id=\"animationblock_554424622f74fd5583831778b82f8efb\" class=\"block__animation -detect-in-viewport\">\n\n\n  <div class=\"animation__inner-blocks inner-blocks  animate__animated animate__fadeInLeft animate__delay-default\">\n\n\n    \n\n<h2 class=\"wp-block-heading\">WIR SCHLIESSEN DIE L\u00dcCKE<\/h2>\n\n\n\n<p>Die SI Group wurde in Mannheim gegr\u00fcndet und hat sich zu einer internationalen Industrieholding entwickelt, die Unternehmen aus den Bereichen Elektronik, Logistik, Energie und Industriedienstleistungen vereint. Mit unserer Philosophie \u201eWe are the missing part\u201c stehen wir unseren Kunden als unverzichtbares Bindeglied zur Seite \u2013 sei es bei der Beschaffung kritischer Komponenten, der Optimierung von Prozessen oder dem Aufbau robuster Lieferketten. Hinter diesen Leistungen steht ein Team von erfahrenen Spezialisten, die die Herausforderungen unserer Kunden mit Leidenschaft und tiefgreifendem Branchenwissen angehen.<br><br>Unsere Mission lautet \u201eExcellence in Operations\u201c. Das bedeutet f\u00fcr uns mehr als Effizienz: Wir schaffen nahtlose Prozesse und st\u00e4rken die Widerstandsf\u00e4higkeit unserer Kunden. Indem wir Innovation, Synergie und Nachhaltigkeit entwickeln, setzen wir kontinuierlich neue Ma\u00dfst\u00e4be und bieten ma\u00dfgeschneiderte L\u00f6sungen f\u00fcr nachhaltigen Erfolg. SI Group ist Ihr Partner f\u00fcr die Zukunft \u2013 wir schlie\u00dfen die L\u00fccke, auf die es Ihnen jetzt gerade ankommt.<\/p>\n\n  <\/div>\n\n<\/div>\n\t<\/div>\n\n\n\n<div class=\"col-12 col-md-6\">\n\t\t\t\n\n<div id=\"animationblock_4699c8fa2fb3c5d7341c8ee825938b99\" class=\"block__animation -detect-in-viewport\">\n\n\n  <div class=\"animation__inner-blocks inner-blocks  animate__animated animate__fadeInRight animate__delay-default\">\n\n\n    \n\n<figure class=\"wp-block-image size-large\"><img loading=\"lazy\" decoding=\"async\" width=\"1024\" height=\"845\" src=\"https:\/\/main.sitrading.com\/wp-content\/uploads\/2025\/05\/upscalemedia-transformed-1024x845.webp\" alt=\"\" class=\"wp-image-1927\" srcset=\"https:\/\/si-group.com\/wp-content\/uploads\/2025\/05\/upscalemedia-transformed-1024x845.webp 1024w, https:\/\/si-group.com\/wp-content\/uploads\/2025\/05\/upscalemedia-transformed-300x247.webp 300w, https:\/\/si-group.com\/wp-content\/uploads\/2025\/05\/upscalemedia-transformed-768x633.webp 768w, https:\/\/si-group.com\/wp-content\/uploads\/2025\/05\/upscalemedia-transformed-400x330.webp 400w, https:\/\/si-group.com\/wp-content\/uploads\/2025\/05\/upscalemedia-transformed.webp 1130w\" sizes=\"auto, (max-width: 1024px) 100vw, 1024px\" \/><\/figure>\n\n  <\/div>\n\n<\/div>\n\t<\/div>\n\n<\/div>\n\n\n\n<div class=\"wp-block-group is-layout-constrained wp-block-group-is-layout-constrained\">\n<h2 class=\"wp-block-heading has-text-align-center\">UNSERE MISSION: EXCELLENCE IN OPERATION<\/h2>\n\n\n\n<div id=\"sliderblock_5e92c781c2438a64fffabdea10ee43f4\" class=\"block__slider -detect-in-viewport\">\n\n    <div class=\"swiper slider \" data-slides-per-view=\"5\" data-autoplay-enable=\"0\" data-autoplay-delay=\"3000\" data-space-between  >\n\n        <div class=\"swiper-wrapper\">\n            \n\n<div id=\"slideblock_8fc263ce3542c920b06fb0e2188c8634\" class=\"swiper-slide inner-blocks block__slide--standard block__slide -detect-in-viewport\">\n        \n\n<div id=\"short-factblock_d9197c27031e7a91482ef8dd656d23af\" class=\"block__short-fact__orientation--vertical block__short-fact -detect-in-viewport\">\n  <div class=\"\">\n    <div class=\"short-fact__icon\">\n      <img loading=\"lazy\" decoding=\"async\" width=\"32\" height=\"28\" src=\"https:\/\/si-group.com\/wp-content\/uploads\/2025\/05\/Diagnosen-2.svg\" class=\"attachment-fullscreen_16_9 size-fullscreen_16_9\" alt=\"\" \/>    <\/div>\n    <div class=\"short-fact__inner-content\">\n            <p class=\"short-fact__paragraph\">\n        H\u00f6chste Standards in Qualit\u00e4t und Effizienz      <\/p>\n    <\/div>\n  <\/div>\n\n<\/div>\n<\/div>\n\n\n<div id=\"slideblock_323fd38de2333518465886985f3f2a7f\" class=\"swiper-slide inner-blocks block__slide--standard block__slide -detect-in-viewport\">\n        \n\n<div id=\"short-factblock_a189df3aeb08f164646d692b7c36156d\" class=\"block__short-fact__orientation--vertical block__short-fact -detect-in-viewport\">\n  <div class=\"\">\n    <div class=\"short-fact__icon\">\n      <img loading=\"lazy\" decoding=\"async\" width=\"150\" height=\"150\" src=\"https:\/\/si-group.com\/wp-content\/uploads\/2025\/04\/Betrieb.svg\" class=\"attachment-fullscreen_16_9 size-fullscreen_16_9\" alt=\"\" \/>    <\/div>\n    <div class=\"short-fact__inner-content\">\n            <p class=\"short-fact__paragraph\">\n        Kontinuierliche Verbesserung durch Innovation      <\/p>\n    <\/div>\n  <\/div>\n\n<\/div>\n<\/div>\n\n\n<div id=\"slideblock_f860c2babde2fb2c50f4c6a0767fdd2d\" class=\"swiper-slide inner-blocks block__slide--standard block__slide -detect-in-viewport\">\n        \n\n<div id=\"short-factblock_7d2ffcd921fe43086bd8b30ddad0009c\" class=\"block__short-fact__orientation--vertical block__short-fact -detect-in-viewport\">\n  <div class=\"\">\n    <div class=\"short-fact__icon\">\n      <img loading=\"lazy\" decoding=\"async\" width=\"150\" height=\"149\" src=\"https:\/\/si-group.com\/wp-content\/uploads\/2025\/04\/Sonnenenergie.svg\" class=\"attachment-fullscreen_16_9 size-fullscreen_16_9\" alt=\"\" \/>    <\/div>\n    <div class=\"short-fact__inner-content\">\n            <p class=\"short-fact__paragraph\">\n        Verantwortung f\u00fcr Mensch und Umwelt      <\/p>\n    <\/div>\n  <\/div>\n\n<\/div>\n<\/div>\n\n\n<div id=\"slideblock_323fd38de2333518465886985f3f2a7f\" class=\"swiper-slide inner-blocks block__slide--standard block__slide -detect-in-viewport\">\n        \n\n<div id=\"short-factblock_8e34ca7adc055845b6be59e6ad748e66\" class=\"block__short-fact__orientation--vertical block__short-fact -detect-in-viewport\">\n  <div class=\"\">\n    <div class=\"short-fact__icon\">\n      <img loading=\"lazy\" decoding=\"async\" width=\"26\" height=\"36\" src=\"https:\/\/si-group.com\/wp-content\/uploads\/2025\/04\/security-lock.svg\" class=\"attachment-fullscreen_16_9 size-fullscreen_16_9\" alt=\"\" \/>    <\/div>\n    <div class=\"short-fact__inner-content\">\n            <p class=\"short-fact__paragraph\">\n        Nachhaltiger Mehrwert f\u00fcr unsere Partner      <\/p>\n    <\/div>\n  <\/div>\n\n<\/div>\n<\/div>\n\n\n<div id=\"slideblock_323fd38de2333518465886985f3f2a7f\" class=\"swiper-slide inner-blocks block__slide--standard block__slide -detect-in-viewport\">\n        \n\n<div id=\"short-factblock_1b9d695e5a89d9367e3530b7a865ea42\" class=\"block__short-fact__orientation--vertical block__short-fact -detect-in-viewport\">\n  <div class=\"\">\n    <div class=\"short-fact__icon\">\n      <img loading=\"lazy\" decoding=\"async\" width=\"35\" height=\"35\" src=\"https:\/\/si-group.com\/wp-content\/uploads\/2025\/04\/earth-globe-world.svg\" class=\"attachment-fullscreen_16_9 size-fullscreen_16_9\" alt=\"\" \/>    <\/div>\n    <div class=\"short-fact__inner-content\">\n            <p class=\"short-fact__paragraph\">\n        Gemeinsam die Zukunft gestalten      <\/p>\n    <\/div>\n  <\/div>\n\n<\/div>\n<\/div>\n        <\/div>\n\n            <\/div>\n\n<\/div><\/div>\n\n\n\n<div id=\"spacerblock_2981cf95ec493dde27d9edfa703eb651\" class=\"block__spacer -detect-in-viewport block__spacer--medium\"><\/div>\n\n\n<div id=\"sliderblock_a1fb445074cb36fb248f87e4de35ced7\" class=\"block__slider alignfull -detect-in-viewport\">\n\n    <div class=\"swiper slider \" data-slides-per-view=\"1\" data-autoplay-enable=\"0\" data-autoplay-delay=\"3000\"  data-navigation-enable >\n\n        <div class=\"swiper-wrapper\">\n            \n\n<div id=\"slideblock_8910115ce4710aef23c3c09ed1908b33\" class=\"swiper-slide inner-blocks block__slide--image block__slide -detect-in-viewport\">\n            <div class=\"slide__image\">\n            <img loading=\"lazy\" decoding=\"async\" width=\"1440\" height=\"1080\" src=\"https:\/\/si-group.com\/wp-content\/uploads\/2025\/05\/SI-Logistics-Keyvisual-resize-1440x1080.webp\" class=\"attachment-fullscreen_16_9 size-fullscreen_16_9\" alt=\"\" srcset=\"https:\/\/si-group.com\/wp-content\/uploads\/2025\/05\/SI-Logistics-Keyvisual-resize-1440x1080.webp 1440w, https:\/\/si-group.com\/wp-content\/uploads\/2025\/05\/SI-Logistics-Keyvisual-resize-300x225.webp 300w, https:\/\/si-group.com\/wp-content\/uploads\/2025\/05\/SI-Logistics-Keyvisual-resize-768x576.webp 768w, https:\/\/si-group.com\/wp-content\/uploads\/2025\/05\/SI-Logistics-Keyvisual-resize-1024x768.webp 1024w, https:\/\/si-group.com\/wp-content\/uploads\/2025\/05\/SI-Logistics-Keyvisual-resize-1536x1152.webp 1536w, https:\/\/si-group.com\/wp-content\/uploads\/2025\/05\/SI-Logistics-Keyvisual-resize-400x300.webp 400w, https:\/\/si-group.com\/wp-content\/uploads\/2025\/05\/SI-Logistics-Keyvisual-resize.webp 1920w\" sizes=\"auto, (max-width: 1440px) 100vw, 1440px\" \/>        <\/div>\n                <\/div>\n        <\/div>\n\n                    <div class=\"swiper-controls-wrapper\">\n                                                    <div class=\"swiper-button-prev\"><\/div>\n                    <div class=\"swiper-button-next\"><\/div>\n                            <\/div>\n            <\/div>\n\n<\/div>\n\n\n<div class=\"wp-block-group alignwide has-light-grey-background-color has-background is-layout-constrained wp-block-group-is-layout-constrained\">\n<h2 class=\"wp-block-heading has-text-align-center\">IHR WEG ZU OPERATIVER SPITZENLEISTUNG<\/h2>\n\n\n\n<p class=\"has-text-align-center\">Fortschrittsdenken ist der Kern unseres Gesch\u00e4fts. Die SI Group forciert technologische Entwicklungen und die digitale Umgestaltung. So unterst\u00fctzen wir Unternehmen dabei, effizienter, flexibler und zukunftsf\u00e4higer zu agieren.<\/p>\n\n\n<div class=\"wp-bootstrap-blocks-row row gx-5\">\n\t\n\n<div class=\"col-12 col-md-4\">\n\t\t\t\n\n<div id=\"short-factblock_2f86b3707a51edf332567fc51a30695f\" class=\"block__short-fact__orientation--vertical block__short-fact -detect-in-viewport\">\n  <div class=\"animate__animated animate__fadeIn animate__delay-default\">\n    <div class=\"short-fact__icon\">\n          <\/div>\n    <div class=\"short-fact__inner-content\">\n              <h5 class=\"short-fact__title\">\n          Forschung &#038; Entwicklung \u2013 Wegbereiter f\u00fcr neue Technologien        <\/h5>\n            <p class=\"short-fact__paragraph\">\n        Unsere Strategien zur Ideenfindung und Umsetzung f\u00f6rdern gezielt Vorhaben in den Sektoren Elektronik, Logistik und Energie. Von fortschrittlichen Komponentenl\u00f6sungen bis hin zu zukunftsf\u00e4higen Energiekonzepten bringen wir Neuerungen hervor, die nicht nur Abl\u00e4ufe optimieren, sondern ganze Industrien pr\u00e4gen.      <\/p>\n    <\/div>\n  <\/div>\n\n<\/div>\n\t<\/div>\n\n\n\n<div class=\"col-12 col-md-4\">\n\t\t\t\n\n<div id=\"short-factblock_215dcd07817a6bf4dce6b491c1c86827\" class=\"block__short-fact__orientation--vertical block__short-fact -detect-in-viewport\">\n  <div class=\"animate__animated animate__fadeIn animate__delay-1s\">\n    <div class=\"short-fact__icon\">\n          <\/div>\n    <div class=\"short-fact__inner-content\">\n              <h5 class=\"short-fact__title\">\n          Digitale Transformation \u2013 Effizienz durch Technik        <\/h5>\n            <p class=\"short-fact__paragraph\">\n        Wir setzen auf digitale Werkzeuge und k\u00fcnstliche Intelligenz, um Gesch\u00e4ftsabl\u00e4ufe neu zu gestalten und Operational Excellence voranzutreiben. Unsere Methoden schlie\u00dfen Verfahrensl\u00fccken, erzeugen Transparenz und liefern innovative Antworten auf komplexe Aufgabenstellungen.      <\/p>\n    <\/div>\n  <\/div>\n\n<\/div>\n\t<\/div>\n\n\n\n<div class=\"col-12 col-md-4\">\n\t\t\t\n\n<div id=\"short-factblock_168f1056aa7e1517fe28fe9184f5033c\" class=\"block__short-fact__orientation--vertical block__short-fact -detect-in-viewport\">\n  <div class=\"animate__animated animate__fadeIn animate__delay-2s\">\n    <div class=\"short-fact__icon\">\n          <\/div>\n    <div class=\"short-fact__inner-content\">\n              <h5 class=\"short-fact__title\">\n          Erfolgsbeispiele \u2013 Ideenreichtum in Aktion        <\/h5>\n            <p class=\"short-fact__paragraph\">\n        Mit unseren wegweisenden L\u00f6sungen haben wir zahlreichen Unternehmen geholfen, operative Exzellenz zu erreichen. Unsere Fallstudien zeigen, wie die SI Group mit Innovationen konkrete Herausforderungen gemeistert und nachhaltige Verbesserungen erzielt hat.      <\/p>\n    <\/div>\n  <\/div>\n\n<\/div>\n\t<\/div>\n\n<\/div>\n<\/div>\n\n\n\n<div id=\"spacerblock_2981cf95ec493dde27d9edfa703eb651\" class=\"block__spacer -detect-in-viewport block__spacer--medium\"><\/div>","protected":false},"excerpt":{"rendered":"<p>UNSERE MISSION: EXCELLENCE IN OPERATION IHR WEG ZU OPERATIVER SPITZENLEISTUNG Fortschrittsdenken ist der Kern unseres Gesch\u00e4fts. Die SI Group forciert technologische Entwicklungen und die digitale Umgestaltung. So unterst\u00fctzen wir Unternehmen dabei, effizienter, flexibler und zukunftsf\u00e4higer zu agieren.<\/p>\n","protected":false},"author":1,"featured_media":0,"parent":0,"menu_order":0,"comment_status":"closed","ping_status":"closed","template":"","meta":{"footnotes":""},"class_list":["post-1443","page","type-page","status-publish","hentry"],"aioseo_notices":[],"acf":[],"_links":{"self":[{"href":"https:\/\/si-group.com\/de\/wp-json\/wp\/v2\/pages\/1443","targetHints":{"allow":["GET"]}}],"collection":[{"href":"https:\/\/si-group.com\/de\/wp-json\/wp\/v2\/pages"}],"about":[{"href":"https:\/\/si-group.com\/de\/wp-json\/wp\/v2\/types\/page"}],"author":[{"embeddable":true,"href":"https:\/\/si-group.com\/de\/wp-json\/wp\/v2\/users\/1"}],"replies":[{"embeddable":true,"href":"https:\/\/si-group.com\/de\/wp-json\/wp\/v2\/comments?post=1443"}],"version-history":[{"count":8,"href":"https:\/\/si-group.com\/de\/wp-json\/wp\/v2\/pages\/1443\/revisions"}],"predecessor-version":[{"id":2211,"href":"https:\/\/si-group.com\/de\/wp-json\/wp\/v2\/pages\/1443\/revisions\/2211"}],"wp:attachment":[{"href":"https:\/\/si-group.com\/de\/wp-json\/wp\/v2\/media?parent=1443"}],"curies":[{"name":"wp","href":"https:\/\/api.w.org\/{rel}","templated":true}]}}